{"id":3225,"date":"2019-03-13T23:10:49","date_gmt":"2019-03-13T22:10:49","guid":{"rendered":"https:\/\/b2b-apartments.be\/privacybeleid-2\/"},"modified":"2022-01-14T14:37:38","modified_gmt":"2022-01-14T13:37:38","slug":"datenschutz-bestimmungen","status":"publish","type":"page","link":"https:\/\/b2b-apartments.be\/de\/datenschutz-bestimmungen\/","title":{"rendered":"Datenschutz-Bestimmungen"},"content":{"rendered":"<div class=\"wpb-content-wrapper\"><p>[vc_row][vc_column][vc_column_text]<\/p>\n<h2 style=\"text-align: center;\">BVBA B2B Apartments<\/h2>\n<p style=\"text-align: center;\">MwSt: BE 0723.565.164 | RPR Gent, Abteilung Br\u00fcgge | Maurice Lippensplein 11 &#8211; 8300 Knokke-Heist, Belgien<br \/>\nTelefon: +32 470 674 340 &#8211; Email: <a href=\"mailto:info@b2b-apartments.be\">info@b2b-apartments.be<\/a><\/p>\n<p>[\/vc_column_text][vc_separator css=&#8220;.vc_custom_1642160036357{padding-top: 32px !important;padding-bottom: 32px !important;}&#8220;][vc_column_text]Diese Datenschutzrichtlinie legt das Verfahren dar, das f\u00fcr die Verarbeitung personenbezogener Daten in Bezug auf die Produkte und Dienstleistungen von BVBA B2B Apartments verwendet wird.<\/p>\n<p>BVBA B2B Apartments respektiert die Privatsph\u00e4re von Besuchern und Kunden und k\u00fcmmert sich um pers\u00f6nliche Informationen und behandelt diese vertraulich. Durch die Nutzung dieser Website stimmen Sie dieser Datenschutzrichtlinie zu. BVBA B2B Apartments ist nicht verantwortlich f\u00fcr die Datenschutzrichtlinie von Websites und Ressourcen, die nicht Eigentum von BVBA B2B Apartments sind. (Dritte)<\/p>\n<p>BVBA B2B Apartments beh\u00e4lt sich jederzeit das Recht vor, diese Datenschutzrichtlinie zu erg\u00e4nzen und\/oder zu \u00e4ndern. Es liegt in Ihrer Verantwortung, unsere Datenschutzerkl\u00e4rung regelm\u00e4\u00dfig zu \u00fcberpr\u00fcfen und die neueste Version zu beachten.<br \/>\nDiese Datenschutzrichtlinie wurde zuletzt am 1. Januar 2022 aktualisiert.<\/p>\n<p><strong>1. Verarbeitung<\/strong><br \/>\nBVBA B2B Apartments erh\u00e4lt personenbezogene Daten auf verschiedene Weise:<br \/>\nKategorie 1: IP-Adresse<br \/>\nKategorie 2: \u00fcber Cookies<br \/>\nKategorie 3: \u00dcber unser Kontaktformular erhaltene Daten<\/p>\n<p>Die Website verwendet Cookies, die eine Reihe von Daten sammeln, wenn der Besucher seine Zustimmung gibt. Weitere Bestimmungen zur Verwendung unserer Cookies finden <a href=\"https:\/\/b2b-apartments.be\/de\/cookiebeleid-eu\/\">Sie hier<\/a>.<\/p>\n<p><strong>2. Zwecke<\/strong><br \/>\nWir verwenden die gesammelten personenbezogenen Daten nur f\u00fcr die folgenden Zwecke:<\/p>\n<p>Kategorie 1: Mittels anonymer Statistiken, mit denen keine bestimmten Personen identifiziert werden k\u00f6nnen, analysieren und verbessern wir die Website und die Dienste.<br \/>\nKategorie 2: funktionale, nicht funktionale und zus\u00e4tzliche Cookies nur, wenn zuvor eine ausdr\u00fcckliche Erlaubnis eingeholt wurde.<br \/>\nKategorie 3: Daten, die vom betreffenden Besucher und\/oder Kunden \u00fcber unser Kontaktformular bereitgestellt werden.<\/p>\n<p><strong>3. Weitergabe an Dritte<\/strong><br \/>\nWir behandeln Ihre personenbezogenen Daten vertraulich und werden sie niemals an Dritte verkaufen, vermieten, verteilen oder anderweitig gewerblich verf\u00fcgbar machen, es sei denn, wir haben etwas anderes mit Ihnen vereinbart.<\/p>\n<p><strong>4. Dauer der Verarbeitung<\/strong><br \/>\nDie personenbezogenen Daten werden von uns f\u00fcr einen Zeitraum gespeichert und verarbeitet, der f\u00fcr die Zwecke der Verarbeitung und f\u00fcr das Vertragsverh\u00e4ltnis zwischen unserem Unternehmen und dem Besucher\/Kunden erforderlich ist.<\/p>\n<p><strong>5. Rechte<\/strong><br \/>\n5.1. Zugangs- und Einsichtsrecht:<br \/>\nBesucher und\/oder Kunden haben das Recht, jederzeit kostenlos auf ihre personenbezogenen Daten zuzugreifen und zu erfahren, f\u00fcr welche Zwecke unser Unternehmen ihre personenbezogenen Daten verwendet.<br \/>\n5.2. Recht auf Berichtigung, L\u00f6schung und Einschr\u00e4nkung:<br \/>\nBesucher und\/oder Kunden haben das Recht, ihre personenbezogenen Daten mit BVBA B2B Apartments zu teilen oder nicht. Besucher und\/oder Kunden k\u00f6nnen BVBA B2B Apartments jederzeit auffordern, ihre personenbezogenen Daten zu verbessern, zu erg\u00e4nzen oder zu l\u00f6schen. Besucher und\/oder Kunden erkennen hiermit an, dass im Falle einer Verweigerung der Kommunikation oder einer Aufforderung zur Entfernung personenbezogener Daten bestimmte Dienstleistungen und Produkte nicht verf\u00fcgbar sind.<br \/>\n5.3. Aus\u00fcbung von Rechten:<br \/>\nBesucher und\/oder Kunden k\u00f6nnen ihre Rechte aus\u00fcben, indem sie sich an BVBA B2B Apartments wenden, entweder per E-Mail an info@b2b-apartments.be oder per Post an BVBA B2B Apartments.<br \/>\n5.4. Beschwerderecht:<br \/>\nKunden und\/oder Besucher haben das Recht, eine Beschwerde bei der belgischen Datenschutzkommission einzureichen: Commission for the Protection of Privacy.<\/p>\n<p><strong>6. Sicherheit und Vertraulichkeit<\/strong><br \/>\n6.1. Wir setzen verschiedene Sicherheitsma\u00dfnahmen auf technischer und organisatorischer Ebene ein, um die Zerst\u00f6rung, den Verlust, die Verf\u00e4lschung, die Ver\u00e4nderung, den unbefugten Zugriff oder die versehentliche Weitergabe personenbezogener Daten an Dritte sowie jede andere unbefugte Verarbeitung dieser Daten zu verhindern.<br \/>\n6.2. Unter keinen Umst\u00e4nden kann unser Unternehmen f\u00fcr direkte oder indirekte Sch\u00e4den haftbar gemacht werden, die sich aus einer falschen oder rechtswidrigen Verwendung der personenbezogenen Daten durch Dritte ergeben.<br \/>\n6.3. Kunden und\/oder Besucher m\u00fcssen jederzeit die Sicherheitsbestimmungen bez\u00fcglich der Verwendung ihrer Ger\u00e4te und des Zugriffs auf bestimmte Anwendungen einhalten. Die Kunden und\/oder Besucher sind allein verantwortlich f\u00fcr die Nutzung ihres Ger\u00e4ts, ihrer IP-Adresse und ihrer Identifikationsdaten sowie f\u00fcr ihre Vertraulichkeit.[\/vc_column_text][\/vc_column][\/vc_row][vc_row][vc_column][vc_empty_space][\/vc_column][\/vc_row]<\/p>\n<\/div>","protected":false},"excerpt":{"rendered":"<p>[vc_row][vc_column][vc_column_text] BVBA B2B Apartments MwSt: BE 0723.565.164 | RPR Gent, Abteilung Br\u00fcgge | Maurice Lippensplein 11 &#8211; 8300 Knokke-Heist, Belgien Telefon: +32 470 674 340 &#8211; Email: info@b2b-apartments.be [\/vc_column_text][vc_separator css=&#8220;.vc_custom_1642160036357{padding-top: 32px !important;padding-bottom: 32px !important;}&#8220;][vc_column_text]Diese Datenschutzrichtlinie legt das Verfahren dar, das f\u00fcr die Verarbeitung personenbezogener Daten in Bezug auf die Produkte und Dienstleistungen von BVBA B2B [&hellip;]<\/p>\n","protected":false},"author":1,"featured_media":0,"parent":0,"menu_order":0,"comment_status":"closed","ping_status":"closed","template":"page-templates\/template-fullwidth.php","meta":{"footnotes":""},"class_list":["post-3225","page","type-page","status-publish","hentry"],"yoast_head":"<!-- This site is optimized with the Yoast SEO plugin v27.4 - https:\/\/yoast.com\/product\/yoast-seo-wordpress\/ -->\n<title>Appartement Knokke huren | Apartments Knokke | Luxe Appartmenten<\/title>\n<meta name=\"description\" content=\"Appartement Knokke huren ? Contacteer ons op +32 470 674 340 of via info@b2b-apartments.be | 3 Luxe appartemten in het centrum van Knokke te huur.\" \/>\n<meta name=\"robots\" content=\"index, follow, max-snippet:-1, max-image-preview:large, max-video-preview:-1\" \/>\n<link rel=\"canonical\" href=\"https:\/\/b2b-apartments.be\/de\/datenschutz-bestimmungen\/\" \/>\n<meta property=\"og:locale\" content=\"de_DE\" \/>\n<meta property=\"og:type\" content=\"article\" \/>\n<meta property=\"og:title\" content=\"Appartement Knokke huren | Apartments Knokke | Luxe Appartmenten\" \/>\n<meta property=\"og:description\" content=\"Appartement Knokke huren ? Contacteer ons op +32 470 674 340 of via info@b2b-apartments.be | 3 Luxe appartemten in het centrum van Knokke te huur.\" \/>\n<meta property=\"og:url\" content=\"https:\/\/b2b-apartments.be\/de\/datenschutz-bestimmungen\/\" \/>\n<meta property=\"og:site_name\" content=\"B2B Apartments\" \/>\n<meta property=\"article:modified_time\" content=\"2022-01-14T13:37:38+00:00\" \/>\n<meta name=\"twitter:card\" content=\"summary_large_image\" \/>\n<meta name=\"twitter:label1\" content=\"Gesch\u00e4tzte Lesezeit\" \/>\n\t<meta name=\"twitter:data1\" content=\"3\u00a0Minuten\" \/>\n<script type=\"application\/ld+json\" class=\"yoast-schema-graph\">{\"@context\":\"https:\\\/\\\/schema.org\",\"@graph\":[{\"@type\":\"WebPage\",\"@id\":\"https:\\\/\\\/b2b-apartments.be\\\/de\\\/datenschutz-bestimmungen\\\/\",\"url\":\"https:\\\/\\\/b2b-apartments.be\\\/de\\\/datenschutz-bestimmungen\\\/\",\"name\":\"Appartement Knokke huren | Apartments Knokke | Luxe Appartmenten\",\"isPartOf\":{\"@id\":\"https:\\\/\\\/b2b-apartments.be\\\/de\\\/#website\"},\"datePublished\":\"2019-03-13T22:10:49+00:00\",\"dateModified\":\"2022-01-14T13:37:38+00:00\",\"description\":\"Appartement Knokke huren ? Contacteer ons op +32 470 674 340 of via info@b2b-apartments.be | 3 Luxe appartemten in het centrum van Knokke te huur.\",\"breadcrumb\":{\"@id\":\"https:\\\/\\\/b2b-apartments.be\\\/de\\\/datenschutz-bestimmungen\\\/#breadcrumb\"},\"inLanguage\":\"de\",\"potentialAction\":[{\"@type\":\"ReadAction\",\"target\":[\"https:\\\/\\\/b2b-apartments.be\\\/de\\\/datenschutz-bestimmungen\\\/\"]}]},{\"@type\":\"BreadcrumbList\",\"@id\":\"https:\\\/\\\/b2b-apartments.be\\\/de\\\/datenschutz-bestimmungen\\\/#breadcrumb\",\"itemListElement\":[{\"@type\":\"ListItem\",\"position\":1,\"name\":\"Home\",\"item\":\"https:\\\/\\\/b2b-apartments.be\\\/de\\\/\"},{\"@type\":\"ListItem\",\"position\":2,\"name\":\"Datenschutz-Bestimmungen\"}]},{\"@type\":\"WebSite\",\"@id\":\"https:\\\/\\\/b2b-apartments.be\\\/de\\\/#website\",\"url\":\"https:\\\/\\\/b2b-apartments.be\\\/de\\\/\",\"name\":\"B2B Apartments\",\"description\":\"Luxury Apartments  Knokke\",\"potentialAction\":[{\"@type\":\"SearchAction\",\"target\":{\"@type\":\"EntryPoint\",\"urlTemplate\":\"https:\\\/\\\/b2b-apartments.be\\\/de\\\/?s={search_term_string}\"},\"query-input\":{\"@type\":\"PropertyValueSpecification\",\"valueRequired\":true,\"valueName\":\"search_term_string\"}}],\"inLanguage\":\"de\"}]}<\/script>\n<!-- \/ Yoast SEO plugin. -->","yoast_head_json":{"title":"Appartement Knokke huren | Apartments Knokke | Luxe Appartmenten","description":"Appartement Knokke huren ? Contacteer ons op +32 470 674 340 of via info@b2b-apartments.be | 3 Luxe appartemten in het centrum van Knokke te huur.","robots":{"index":"index","follow":"follow","max-snippet":"max-snippet:-1","max-image-preview":"max-image-preview:large","max-video-preview":"max-video-preview:-1"},"canonical":"https:\/\/b2b-apartments.be\/de\/datenschutz-bestimmungen\/","og_locale":"de_DE","og_type":"article","og_title":"Appartement Knokke huren | Apartments Knokke | Luxe Appartmenten","og_description":"Appartement Knokke huren ? Contacteer ons op +32 470 674 340 of via info@b2b-apartments.be | 3 Luxe appartemten in het centrum van Knokke te huur.","og_url":"https:\/\/b2b-apartments.be\/de\/datenschutz-bestimmungen\/","og_site_name":"B2B Apartments","article_modified_time":"2022-01-14T13:37:38+00:00","twitter_card":"summary_large_image","twitter_misc":{"Gesch\u00e4tzte Lesezeit":"3\u00a0Minuten"},"schema":{"@context":"https:\/\/schema.org","@graph":[{"@type":"WebPage","@id":"https:\/\/b2b-apartments.be\/de\/datenschutz-bestimmungen\/","url":"https:\/\/b2b-apartments.be\/de\/datenschutz-bestimmungen\/","name":"Appartement Knokke huren | Apartments Knokke | Luxe Appartmenten","isPartOf":{"@id":"https:\/\/b2b-apartments.be\/de\/#website"},"datePublished":"2019-03-13T22:10:49+00:00","dateModified":"2022-01-14T13:37:38+00:00","description":"Appartement Knokke huren ? Contacteer ons op +32 470 674 340 of via info@b2b-apartments.be | 3 Luxe appartemten in het centrum van Knokke te huur.","breadcrumb":{"@id":"https:\/\/b2b-apartments.be\/de\/datenschutz-bestimmungen\/#breadcrumb"},"inLanguage":"de","potentialAction":[{"@type":"ReadAction","target":["https:\/\/b2b-apartments.be\/de\/datenschutz-bestimmungen\/"]}]},{"@type":"BreadcrumbList","@id":"https:\/\/b2b-apartments.be\/de\/datenschutz-bestimmungen\/#breadcrumb","itemListElement":[{"@type":"ListItem","position":1,"name":"Home","item":"https:\/\/b2b-apartments.be\/de\/"},{"@type":"ListItem","position":2,"name":"Datenschutz-Bestimmungen"}]},{"@type":"WebSite","@id":"https:\/\/b2b-apartments.be\/de\/#website","url":"https:\/\/b2b-apartments.be\/de\/","name":"B2B Apartments","description":"Luxury Apartments  Knokke","potentialAction":[{"@type":"SearchAction","target":{"@type":"EntryPoint","urlTemplate":"https:\/\/b2b-apartments.be\/de\/?s={search_term_string}"},"query-input":{"@type":"PropertyValueSpecification","valueRequired":true,"valueName":"search_term_string"}}],"inLanguage":"de"}]}},"_links":{"self":[{"href":"https:\/\/b2b-apartments.be\/de\/wp-json\/wp\/v2\/pages\/3225","targetHints":{"allow":["GET"]}}],"collection":[{"href":"https:\/\/b2b-apartments.be\/de\/wp-json\/wp\/v2\/pages"}],"about":[{"href":"https:\/\/b2b-apartments.be\/de\/wp-json\/wp\/v2\/types\/page"}],"author":[{"embeddable":true,"href":"https:\/\/b2b-apartments.be\/de\/wp-json\/wp\/v2\/users\/1"}],"replies":[{"embeddable":true,"href":"https:\/\/b2b-apartments.be\/de\/wp-json\/wp\/v2\/comments?post=3225"}],"version-history":[{"count":2,"href":"https:\/\/b2b-apartments.be\/de\/wp-json\/wp\/v2\/pages\/3225\/revisions"}],"predecessor-version":[{"id":3234,"href":"https:\/\/b2b-apartments.be\/de\/wp-json\/wp\/v2\/pages\/3225\/revisions\/3234"}],"wp:attachment":[{"href":"https:\/\/b2b-apartments.be\/de\/wp-json\/wp\/v2\/media?parent=3225"}],"curies":[{"name":"wp","href":"https:\/\/api.w.org\/{rel}","templated":true}]}}