{"id":2800,"date":"2019-05-03T23:04:11","date_gmt":"2019-05-03T21:04:11","guid":{"rendered":"https:\/\/b2b-apartments.be\/umgebung\/"},"modified":"2019-05-06T14:03:00","modified_gmt":"2019-05-06T12:03:00","slug":"umgebung","status":"publish","type":"page","link":"https:\/\/b2b-apartments.be\/de\/umgebung\/","title":{"rendered":"Umgebung"},"content":{"rendered":"<div class=\"wpb-content-wrapper\"><p>[vc_row css=&#8220;.vc_custom_1555861822504{margin-top: 32px !important;}&#8220;][vc_column][vc_custom_heading text=&#8220;T\u00e4glichen Luxus, himmlischen Komfort&#8220; font_container=&#8220;tag:h3|text_align:center&#8220; google_fonts=&#8220;font_family:Gruppo%3Aregular|font_style:400%20regular%3A400%3Anormal&#8220;][vc_separator color=&#8220;custom&#8220; el_width=&#8220;30&#8243; accent_color=&#8220;#8b782c&#8220; css=&#8220;.vc_custom_1553639070640{padding-top: 16px !important;padding-bottom: 48px !important;}&#8220;][vc_column_text]<\/p>\n<p style=\"text-align: center;\">B2B Luxury Apartments befindet sich im schicken Knokke, dem Monaco des Nordens an der belgischen K\u00fcste. Mit einer tollen Aussicht auf D\u00fcnenberge und auf die Polder von West-Flandern hat B2B Luxury Apartments auf jeden Fall einen gro\u00dfen Vorteil.<\/p>\n<p>[\/vc_column_text][\/vc_column][\/vc_row][vc_row][vc_column width=&#8220;1\/4&#8243;][vc_column_text]<\/p>\n<p style=\"text-align: left;\">Au\u00dferdem besteht die Anlage aus luxuri\u00f6sen Appartements von 120\u00a0m\u00b2, jeweils mit den letzten Neuigkeiten. Genie\u00dfen Sie von Angebote wie z.B. Fitness, Wassersport, Sternerestaurants, und das Ganze auf 2 Minuten zu Fu\u00df.<\/p>\n<p>[\/vc_column_text][\/vc_column][vc_column width=&#8220;1\/4&#8243;][vc_single_image image=&#8220;2440&#8243; img_size=&#8220;full&#8220; alignment=&#8220;center&#8220; onclick=&#8220;link_image&#8220;][\/vc_column][vc_column width=&#8220;1\/4&#8243;][vc_column_text]<\/p>\n<p style=\"text-align: left;\">Entdecken Sie die Innenstadt und genie\u00dfen Sie von der allgemeinen Sauberkeit in den wundersch\u00f6nen Einkaufstra\u03b2en wo Sie Premiummarken Hermes, Louis Vuitton, Chanel,\u2026 finden werden.<\/p>\n<p>[\/vc_column_text][\/vc_column][vc_column width=&#8220;1\/4&#8243;][vc_single_image image=&#8220;2484&#8243; img_size=&#8220;full&#8220; alignment=&#8220;center&#8220; onclick=&#8220;link_image&#8220;][\/vc_column][\/vc_row][vc_row css=&#8220;.vc_custom_1555863989953{padding-top: 32px !important;padding-bottom: 32px !important;}&#8220;][vc_column][vc_separator][\/vc_column][\/vc_row][vc_row][vc_column width=&#8220;1\/2&#8243;][vc_single_image image=&#8220;2544&#8243; img_size=&#8220;full&#8220; alignment=&#8220;center&#8220; onclick=&#8220;link_image&#8220;][\/vc_column][vc_column width=&#8220;1\/2&#8243;][vc_custom_heading text=&#8220;Strand &amp; Natur&#8220; font_container=&#8220;tag:h3|text_align:left&#8220; google_fonts=&#8220;font_family:Gruppo%3Aregular|font_style:400%20regular%3A400%3Anormal&#8220;][vc_separator color=&#8220;custom&#8220; align=&#8220;align_left&#8220; el_width=&#8220;30&#8243; accent_color=&#8220;#8b782c&#8220; css=&#8220;.vc_custom_1553641663472{padding-top: 16px !important;padding-bottom: 48px !important;}&#8220;][vc_column_text]10 Minuten zu Fu\u00df vom Strand finden Sie mehr als 20 verschiedenen Strandbars wo man vom Fr\u00fchst\u00fcck bis zum Aperitif abends auf die saubersten Str\u00e4nde und Badezonen von Europa verweilen kann!<\/p>\n<p>Die Stadt Knokke hat nat\u00fcrlich auch viel mehr als nur Einkaufsstra\u00dfen und Str\u00e4nde! Es gibt zum Beispiel auch viele Events, sowohl sportlich wie kulturell; um es kurz zu fassen, Knokke ist eine behagliche Stadt zum Verweilen.<\/p>\n<p>In Knokke ist Sicherheit auch wichtig, hier kann man sicher mit pers\u00f6nlichem Besitz und Kindern die Stadt besuchen, ohne Angst vor Diebstahl oder Aggression!<\/p>\n<p>Die Wander- und Fahrraddeiche die von Knokke bis zum Naturschutzgebiet \u201cHet Zwin\u201d geht, ist ein Must f\u00fcr Wanderer und Radfahrer.[\/vc_column_text][vc_empty_space][\/vc_column][vc_column][vc_empty_space height=&#8220;56px&#8220;][\/vc_column][vc_column][vc_row_inner][vc_column_inner width=&#8220;1\/2&#8243; css=&#8220;.vc_custom_1555860385162{padding-right: 24px !important;}&#8220;][vc_custom_heading text=&#8220;Und noch viel mehr&#8230;&#8220; font_container=&#8220;tag:h3|text_align:left&#8220; google_fonts=&#8220;font_family:Gruppo%3Aregular|font_style:400%20regular%3A400%3Anormal&#8220;][vc_separator color=&#8220;custom&#8220; align=&#8220;align_left&#8220; el_width=&#8220;30&#8243; accent_color=&#8220;#8b782c&#8220; css=&#8220;.vc_custom_1553641663472{padding-top: 16px !important;padding-bottom: 48px !important;}&#8220;][vc_column_text]Wir k\u00f6nnten noch viele Animationen nennen, aber am besten buchen Sie Ihren Aufenthalt bei uns damit wir Ihnen ein sorglose Zeit bei uns anbieten k\u00f6nnen.<\/p>\n<p>Dies sind jedoch nur einige der Gr\u00fcnde weshalb \u201cB2B Luxury Apartments\u201d Unterk\u00fcnfte in diese Stadt \u00f6ffnet!<\/p>\n<p>Interessiert in einen Aufenthalt bei B2B Luxury Apartments? Klicken Sie hier, um umgehend zu buchen.[\/vc_column_text][vc_empty_space height=&#8220;60px&#8220;][vc_btn title=&#8220;Reservieren Sie hier&#8220; style=&#8220;outline&#8220; shape=&#8220;square&#8220; color=&#8220;black&#8220; size=&#8220;lg&#8220; align=&#8220;center&#8220; button_block=&#8220;true&#8220; link=&#8220;url:https%3A%2F%2Fb2b-apartments.be%2Fde%2Fkontakt%2F|title:Reservieren|target:%20_blank|&#8220;][\/vc_column_inner][vc_column_inner width=&#8220;1\/2&#8243;][vc_single_image image=&#8220;2548&#8243; img_size=&#8220;full&#8220; alignment=&#8220;center&#8220; onclick=&#8220;link_image&#8220;][\/vc_column_inner][\/vc_row_inner][vc_empty_space][\/vc_column][\/vc_row][vc_row equal_height=&#8220;yes&#8220; content_placement=&#8220;middle&#8220; parallax_bg=&#8220;true&#8220; css=&#8220;.vc_custom_1555863778575{padding-top: 42px !important;padding-bottom: 60px !important;background-image: url(https:\/\/b2b-apartments.be\/wp-content\/uploads\/2019\/03\/BannerGolf.jpg?id=1655) !important;}&#8220;][vc_column offset=&#8220;vc_col-md-6&#8243; el_class=&#8220;text-light&#8220;][vc_column_text css=&#8220;.vc_custom_1553641253023{margin-bottom: 10px !important;}&#8220;]<\/p>\n<h2>Royal Zoute <span class=\"id-color\">Golf Club<\/span><\/h2>\n<p>[\/vc_column_text][vc_row_inner el_class=&#8220;more-20&#8243;][vc_column_inner]\n\t<figure class=\"pic-hover hover-scale\">\n        <span class=\"center-xy\">\n        \t            <a class=\"image-popup\" href=\"https:\/\/b2b-apartments.be\/wp-content\/uploads\/2019\/03\/10x10.png\">\n                <i class=\"fa fa-image btn-action btn-action-hide\"><\/i>\n            <\/a>\n                    <\/span>\n        <span class=\"bg-overlay\"><\/span>        <img decoding=\"async\" src=\"https:\/\/b2b-apartments.be\/wp-content\/uploads\/2019\/03\/10x10.png\" class=\"img-responsive\" alt=\"\">\n    <\/figure>\n\n    <h3 class=\"mt20\">Tennis & Golf<\/h3>\n    <p>\n        Und nicht zu vergessen: der wundersch\u00f6ne Royal Zoute Golf Club und der Royal Tennis Club mit Abendanimation im Restaurant und in der Diskothek \u201cKnokke Out\u201d.\t<br>\n\t\t<a class=\"read_more mt10\" href=\"https:\/\/www.rzgc.be\/\" target=\"_blank\">Website Royal Zoute Golf Club <i class=\"fa fa-chevron-right id-color\"><\/i><\/a>    <\/p>\n    \t\n[\/vc_column_inner][\/vc_row_inner][\/vc_column][vc_column offset=&#8220;vc_col-md-6&#8243;][vc_empty_space]\t<figure class=\"pic-hover hover-scale\">\n        <span class=\"center-xy\">\n            <a class=\"popup-vimeo\" href=\"https:\/\/www.youtube.com\/watch?v=OHwKQ-F2hfA\">\n                <i class=\"fa fa-play btn-play btn-action \"><\/i>\n            <\/a>\n        <\/span>\n        <span class=\"bg-overlay\"><\/span>\n        <img decoding=\"async\" src=\"https:\/\/b2b-apartments.be\/wp-content\/uploads\/2019\/03\/HannonSport_021_600.jpg\" class=\"img-responsive\" alt=\"\">\n    <\/figure>\n\n[vc_empty_space][\/vc_column][\/vc_row]<\/p>\n<\/div>","protected":false},"excerpt":{"rendered":"<p>[vc_row css=&#8220;.vc_custom_1555861822504{margin-top: 32px !important;}&#8220;][vc_column][vc_custom_heading text=&#8220;T\u00e4glichen Luxus, himmlischen Komfort&#8220; font_container=&#8220;tag:h3|text_align:center&#8220; google_fonts=&#8220;font_family:Gruppo%3Aregular|font_style:400%20regular%3A400%3Anormal&#8220;][vc_separator color=&#8220;custom&#8220; el_width=&#8220;30&#8243; accent_color=&#8220;#8b782c&#8220; css=&#8220;.vc_custom_1553639070640{padding-top: 16px !important;padding-bottom: 48px !important;}&#8220;][vc_column_text] B2B Luxury Apartments befindet sich im schicken Knokke, dem Monaco des Nordens an der belgischen K\u00fcste. Mit einer tollen Aussicht auf D\u00fcnenberge und auf die Polder von West-Flandern hat B2B Luxury Apartments auf jeden Fall einen gro\u00dfen [&hellip;]<\/p>\n","protected":false},"author":1,"featured_media":0,"parent":0,"menu_order":0,"comment_status":"closed","ping_status":"closed","template":"page-templates\/template-fullwidth.php","meta":{"footnotes":""},"class_list":["post-2800","page","type-page","status-publish","hentry"],"yoast_head":"<!-- This site is optimized with the Yoast SEO plugin v27.4 - https:\/\/yoast.com\/product\/yoast-seo-wordpress\/ -->\n<title>Komplex von Luxuswohnungen | B2B Luxury Apartments Knokke<\/title>\n<meta name=\"description\" content=\"Komplex von Luxuswohnungen | B2B Luxury Apartments Knokke | Wohnungen Mehrzweckr\u00e4ume in Knokke | Luxuswohnungen am Meer zu vermieten.\" \/>\n<meta name=\"robots\" content=\"index, follow, max-snippet:-1, max-image-preview:large, max-video-preview:-1\" \/>\n<link rel=\"canonical\" href=\"https:\/\/b2b-apartments.be\/de\/umgebung\/\" \/>\n<meta property=\"og:locale\" content=\"de_DE\" \/>\n<meta property=\"og:type\" content=\"article\" \/>\n<meta property=\"og:title\" content=\"Komplex von Luxuswohnungen | B2B Luxury Apartments Knokke\" \/>\n<meta property=\"og:description\" content=\"Komplex von Luxuswohnungen | B2B Luxury Apartments Knokke | Wohnungen Mehrzweckr\u00e4ume in Knokke | Luxuswohnungen am Meer zu vermieten.\" \/>\n<meta property=\"og:url\" content=\"https:\/\/b2b-apartments.be\/de\/umgebung\/\" \/>\n<meta property=\"og:site_name\" content=\"B2B Apartments\" \/>\n<meta property=\"article:modified_time\" content=\"2019-05-06T12:03:00+00:00\" \/>\n<meta name=\"twitter:card\" content=\"summary_large_image\" \/>\n<meta name=\"twitter:label1\" content=\"Gesch\u00e4tzte Lesezeit\" \/>\n\t<meta name=\"twitter:data1\" content=\"4\u00a0Minuten\" \/>\n<script type=\"application\/ld+json\" class=\"yoast-schema-graph\">{\"@context\":\"https:\\\/\\\/schema.org\",\"@graph\":[{\"@type\":\"WebPage\",\"@id\":\"https:\\\/\\\/b2b-apartments.be\\\/de\\\/umgebung\\\/\",\"url\":\"https:\\\/\\\/b2b-apartments.be\\\/de\\\/umgebung\\\/\",\"name\":\"Komplex von Luxuswohnungen | B2B Luxury Apartments Knokke\",\"isPartOf\":{\"@id\":\"https:\\\/\\\/b2b-apartments.be\\\/de\\\/#website\"},\"datePublished\":\"2019-05-03T21:04:11+00:00\",\"dateModified\":\"2019-05-06T12:03:00+00:00\",\"description\":\"Komplex von Luxuswohnungen | B2B Luxury Apartments Knokke | Wohnungen Mehrzweckr\u00e4ume in Knokke | Luxuswohnungen am Meer zu vermieten.\",\"breadcrumb\":{\"@id\":\"https:\\\/\\\/b2b-apartments.be\\\/de\\\/umgebung\\\/#breadcrumb\"},\"inLanguage\":\"de\",\"potentialAction\":[{\"@type\":\"ReadAction\",\"target\":[\"https:\\\/\\\/b2b-apartments.be\\\/de\\\/umgebung\\\/\"]}]},{\"@type\":\"BreadcrumbList\",\"@id\":\"https:\\\/\\\/b2b-apartments.be\\\/de\\\/umgebung\\\/#breadcrumb\",\"itemListElement\":[{\"@type\":\"ListItem\",\"position\":1,\"name\":\"Home\",\"item\":\"https:\\\/\\\/b2b-apartments.be\\\/de\\\/\"},{\"@type\":\"ListItem\",\"position\":2,\"name\":\"Umgebung\"}]},{\"@type\":\"WebSite\",\"@id\":\"https:\\\/\\\/b2b-apartments.be\\\/de\\\/#website\",\"url\":\"https:\\\/\\\/b2b-apartments.be\\\/de\\\/\",\"name\":\"B2B Apartments\",\"description\":\"Luxury Apartments  Knokke\",\"potentialAction\":[{\"@type\":\"SearchAction\",\"target\":{\"@type\":\"EntryPoint\",\"urlTemplate\":\"https:\\\/\\\/b2b-apartments.be\\\/de\\\/?s={search_term_string}\"},\"query-input\":{\"@type\":\"PropertyValueSpecification\",\"valueRequired\":true,\"valueName\":\"search_term_string\"}}],\"inLanguage\":\"de\"}]}<\/script>\n<!-- \/ Yoast SEO plugin. -->","yoast_head_json":{"title":"Komplex von Luxuswohnungen | B2B Luxury Apartments Knokke","description":"Komplex von Luxuswohnungen | B2B Luxury Apartments Knokke | Wohnungen Mehrzweckr\u00e4ume in Knokke | Luxuswohnungen am Meer zu vermieten.","robots":{"index":"index","follow":"follow","max-snippet":"max-snippet:-1","max-image-preview":"max-image-preview:large","max-video-preview":"max-video-preview:-1"},"canonical":"https:\/\/b2b-apartments.be\/de\/umgebung\/","og_locale":"de_DE","og_type":"article","og_title":"Komplex von Luxuswohnungen | B2B Luxury Apartments Knokke","og_description":"Komplex von Luxuswohnungen | B2B Luxury Apartments Knokke | Wohnungen Mehrzweckr\u00e4ume in Knokke | Luxuswohnungen am Meer zu vermieten.","og_url":"https:\/\/b2b-apartments.be\/de\/umgebung\/","og_site_name":"B2B Apartments","article_modified_time":"2019-05-06T12:03:00+00:00","twitter_card":"summary_large_image","twitter_misc":{"Gesch\u00e4tzte Lesezeit":"4\u00a0Minuten"},"schema":{"@context":"https:\/\/schema.org","@graph":[{"@type":"WebPage","@id":"https:\/\/b2b-apartments.be\/de\/umgebung\/","url":"https:\/\/b2b-apartments.be\/de\/umgebung\/","name":"Komplex von Luxuswohnungen | B2B Luxury Apartments Knokke","isPartOf":{"@id":"https:\/\/b2b-apartments.be\/de\/#website"},"datePublished":"2019-05-03T21:04:11+00:00","dateModified":"2019-05-06T12:03:00+00:00","description":"Komplex von Luxuswohnungen | B2B Luxury Apartments Knokke | Wohnungen Mehrzweckr\u00e4ume in Knokke | Luxuswohnungen am Meer zu vermieten.","breadcrumb":{"@id":"https:\/\/b2b-apartments.be\/de\/umgebung\/#breadcrumb"},"inLanguage":"de","potentialAction":[{"@type":"ReadAction","target":["https:\/\/b2b-apartments.be\/de\/umgebung\/"]}]},{"@type":"BreadcrumbList","@id":"https:\/\/b2b-apartments.be\/de\/umgebung\/#breadcrumb","itemListElement":[{"@type":"ListItem","position":1,"name":"Home","item":"https:\/\/b2b-apartments.be\/de\/"},{"@type":"ListItem","position":2,"name":"Umgebung"}]},{"@type":"WebSite","@id":"https:\/\/b2b-apartments.be\/de\/#website","url":"https:\/\/b2b-apartments.be\/de\/","name":"B2B Apartments","description":"Luxury Apartments  Knokke","potentialAction":[{"@type":"SearchAction","target":{"@type":"EntryPoint","urlTemplate":"https:\/\/b2b-apartments.be\/de\/?s={search_term_string}"},"query-input":{"@type":"PropertyValueSpecification","valueRequired":true,"valueName":"search_term_string"}}],"inLanguage":"de"}]}},"_links":{"self":[{"href":"https:\/\/b2b-apartments.be\/de\/wp-json\/wp\/v2\/pages\/2800","targetHints":{"allow":["GET"]}}],"collection":[{"href":"https:\/\/b2b-apartments.be\/de\/wp-json\/wp\/v2\/pages"}],"about":[{"href":"https:\/\/b2b-apartments.be\/de\/wp-json\/wp\/v2\/types\/page"}],"author":[{"embeddable":true,"href":"https:\/\/b2b-apartments.be\/de\/wp-json\/wp\/v2\/users\/1"}],"replies":[{"embeddable":true,"href":"https:\/\/b2b-apartments.be\/de\/wp-json\/wp\/v2\/comments?post=2800"}],"version-history":[{"count":4,"href":"https:\/\/b2b-apartments.be\/de\/wp-json\/wp\/v2\/pages\/2800\/revisions"}],"predecessor-version":[{"id":2804,"href":"https:\/\/b2b-apartments.be\/de\/wp-json\/wp\/v2\/pages\/2800\/revisions\/2804"}],"wp:attachment":[{"href":"https:\/\/b2b-apartments.be\/de\/wp-json\/wp\/v2\/media?parent=2800"}],"curies":[{"name":"wp","href":"https:\/\/api.w.org\/{rel}","templated":true}]}}